{"id":9008,"date":"2022-06-04T21:44:26","date_gmt":"2022-06-04T19:44:26","guid":{"rendered":"https:\/\/signorinicoco.com\/?page_id=9008"},"modified":"2022-06-05T11:10:44","modified_gmt":"2022-06-05T09:10:44","slug":"cookie-policy","status":"publish","type":"page","link":"https:\/\/www.signorinicoco.com\/it\/cookie-policy\/","title":{"rendered":"Cookie Policy"},"content":{"rendered":"\n<p>Questo sito web utilizza i cookie. Utilizziamo i cookie per personalizzare contenuti&nbsp; e per analizzare il nostro traffico. Condividiamo inoltre informazioni sul modo in cui utilizza il nostro sito con i nostri partner che si occupano di analisi dei dati web, pubblicit\u00e0 e social media, i quali potrebbero combinarle con altre informazioni che ha fornito loro o che hanno raccolto dal suo utilizzo dei loro servizi.<\/p>\n\n\n\n<p>Gli utenti che visionano il Sito, vedranno inserite delle quantit\u00e0 minime di informazioni nei dispositivi in uso, che siano computer e periferiche mobili, in piccoli file di testo denominati \u201ccookie\u201d salvati nelle directory utilizzate dal browser web dell\u2019Utente.<\/p>\n\n\n\n<p>Vi sono vari tipi di cookie, alcuni per rendere pi\u00f9 efficace l\u2019uso del Sito, altri per abilitare determinate funzionalit\u00e0 altri per rilevare annotare le preferenze rilevate durante ogni visita. Analizzandoli in maniera particolareggiata i nostri cookie permettono di:<\/p>\n\n\n\n<ul><li>memorizzare le preferenze inserite;<\/li><li>evitare di reinserire le stesse informazioni pi\u00f9 volte durante la visita quali ad esempio nome utente e password;<\/li><li>analizzare l\u2019utilizzo dei servizi e dei contenuti forniti da WWW.SIGNORINICOCO.COM per ottimizzarne l\u2019esperienza di navigazione e i servizi offerti. &nbsp;<\/li><\/ul>\n\n\n\n<p><strong>Tipologie di Cookie<\/strong>&nbsp;&nbsp;<\/p>\n\n\n\n<p><strong>Cookie tecnici \u2013 Necessario<\/strong>&nbsp;&nbsp;<\/p>\n\n\n\n<p>Questa tipologia di cookie permette il corretto funzionamento di alcune sezioni del Sito. Sono di due categorie, persistenti e di sessione:<\/p>\n\n\n\n<ul><li>persistenti: una volta chiuso il browser non vengono distrutti ma rimangono fino ad una data di scadenza preimpostata;<\/li><li>di sessione: vengono distrutti ogni volta che il browser viene chiuso.<\/li><\/ul>\n\n\n\n<p>&nbsp;Questi cookie, inviati sempre dal nostro dominio, sono necessari a visualizzare correttamente il sito e in relazione ai servizi tecnici offerti, verranno quindi sempre utilizzati e inviati, a meno che l\u2019utenza non modifichi le impostazioni nel proprio browser (inficiando cos\u00ec la visualizzazione delle pagine del sito). WWW.SIGNORINICOCO.COM, secondo la normativa vigente, non \u00e8 tenuto a chiedere consenso per i cookie tecnici, in quanto necessari a fornire i servizi richiesti. &nbsp;<\/p>\n\n\n\n<p><strong>Cookie analitici \u2013 Statistiche<\/strong>&nbsp;&nbsp;<\/p>\n\n\n\n<p>I cookie in questa categoria vengono utilizzati per collezionare informazioni sull\u2019uso del sito. WWW.SIGNORINICOCO.COM user\u00e0 queste informazioni in merito ad analisi statistiche anonime al fine di migliorare l\u2019utilizzo del Sito e per rendere i contenuti pi\u00f9 interessanti e attinenti ai desideri dell\u2019utenza.<\/p>\n\n\n\n<p>Questa tipologia di cookie raccoglie dati in forma anonima sull\u2019attivit\u00e0 dell\u2019utenza e su come \u00e8 arrivata sul Sito. I cookie analitici sono inviati dal Sito Stesso o da domini di terze parti.<\/p>\n\n\n\n<p>Al momento dell&#8217;accesso a qualunque pagina del Sito, \u00e8 presente un Banner attraverso il quale l\u2019Utente\/Interessato potr\u00e0 dare il proprio consenso all\u2019uso di tali cookie. &nbsp;<\/p>\n\n\n\n<p><strong>Cookie di analisi di servizi di terze parti \u2013 Statistiche&nbsp;<\/strong>&nbsp;<\/p>\n\n\n\n<p>Questi cookie sono utilizzati al fine di raccogliere informazioni sull\u2019uso del Sito da parte degli utenti in forma anonima quali: pagine visitate, tempo di permanenza, origini del traffico di provenienza, provenienza geografica, et\u00e0, genere e interessi ai fini di campagne di marketing. Questi cookie sono inviati da domini di terze parti esterni al Sito. &nbsp;<\/p>\n\n\n\n<p><strong>Cookie per integrare prodotti e funzioni di software di terze parti \u2013 Marketing<\/strong>&nbsp;<\/p>\n\n\n\n<p>&nbsp;Questa tipologia di cookie integra funzionalit\u00e0 sviluppate da terzi all\u2019interno delle pagine del Sito come le icone e le preferenze espresse nei social network al fine di condivisione dei contenuti del sito o per l\u2019uso di servizi software di terze parti (come i software per generare le mappe e ulteriori software che offrono servizi aggiuntivi). Questi cookie sono inviati da domini di terze parti e da siti partner che offrono le loro funzionalit\u00e0 tra le pagine del Sito.<\/p>\n\n\n\n<p>Al momento dell&#8217;accesso a qualunque pagina del Sito, \u00e8 presente un Banner attraverso il quale l\u2019Utente\/Interessato potr\u00e0 dare il proprio consenso all\u2019uso di tali cookie. &nbsp;<\/p>\n\n\n\n<p><strong>Cookie di profilazione \u2013 Marketing<\/strong>&nbsp;&nbsp;<\/p>\n\n\n\n<p>Sono quei cookie necessari a creare profili utenti al fine di inviare messaggi pubblicitari in linea con le preferenze manifestate dall\u2019utente all\u2019interno delle pagine del Sito.<\/p>\n\n\n\n<p>Al momento dell&#8217;accesso a qualunque pagina del Sito, \u00e8 presente un Banner attraverso il quale l\u2019Utente\/Interessato potr\u00e0 dare il proprio consenso all\u2019uso di tali cookie. &nbsp;<\/p>\n\n\n\n<p><strong>Siti Web e servizi di terze parti<\/strong>&nbsp;&nbsp;<\/p>\n\n\n\n<p>Il Sito potrebbe contenere collegamenti ad altri siti Web che dispongono di una propria informativa sulla privacy che pu\u00f2 essere diverse da quella adottata da WWW.SIGNORINICOCO.COM e che quindi non risponde di questi siti. &nbsp;<\/p>\n\n\n\n<p>Per tutte le tipologie di cookie il consenso pu\u00f2 essere espresso dall\u2019Utente con una o pi\u00f9 di una delle seguenti modalit\u00e0:<\/p>\n\n\n\n<ul><li>tramite Banner accessibile da qualunque pagina del Sito attraverso il quale l\u2019Utente\/Interessato potr\u00e0 dare il proprio consenso all\u2019uso dei cookie<\/li><li>mediante specifiche configurazioni del browser utilizzato o dei relativi programmi informatici utilizzati per navigare le pagine che compongono il Sito.<\/li><li>mediante modifica delle impostazioni nell\u2019uso dei servizi di terze parti<\/li><\/ul>\n\n\n\n<p><strong>Queste soluzioni potrebbero impedire all\u2019utente di utilizzare o visualizzare parti del Sito.<\/strong><\/p>\n\n\n\n<p>Il tuo consenso si applica ai seguenti siti web: www.signorinicoco.com<\/p>\n\n\n\n<p>Il tuo stato attuale: Accetta selezionati&nbsp;(Necessari, Preferenze, Statistiche).&nbsp;<\/p>\n\n\n\n<p id=\"CookieDeclarationConsentIdAndDate\">ID del consenso:&nbsp;4bafw8xD0Y5VRaMzp1xyJGZUpjIzSQmKD\/XAVUGufj4xs6jC2qAgRQ==Data del consenso:&nbsp;gioved\u00ec 7 aprile 2022, 16:50:16 CEST<\/p>\n\n\n\n<p><a href=\"https:\/\/manage.cookiebot.com\/it\/manage\">Modifica consenso<\/a>\u00a0\u00a0|\u00a0\u00a0<a href=\"https:\/\/signorinicoco.com\/it\/cookie-policy\/#\">Revoca consenso<\/a><\/p>\n\n\n\n<p>Dichiarazione Cookie aggiornata l&#8217;ultima volta il 10\/05\/22 da&nbsp;<a href=\"https:\/\/www.cookiebot.com\/\" target=\"_blank\" rel=\"noreferrer noopener\">Cookiebot<\/a>:<\/p>\n\n\n\n<p>Necessari (5)<\/p>\n\n\n\n<p>I cookie necessari aiutano a contribuire a rendere fruibile un sito web abilitando le funzioni di base come la navigazione della pagina e l&#8217;accesso alle aree protette del sito. Il sito web non pu\u00f2 funzionare correttamente senza questi cookie.<\/p>\n\n\n\n<figure class=\"wp-block-table\"><table><thead><tr><th scope=\"col\">Nome<\/th><th scope=\"col\">Fornitore<\/th><th scope=\"col\">Scopo<\/th><th scope=\"col\">Scadenza<\/th><th scope=\"col\">Tipo<\/th><\/tr><\/thead><tbody><tr><td>__cf_bm<\/td><td><a target=\"_blank\" rel=\"noreferrer noopener\" href=\"https:\/\/vimeo.com\/privacy\">Vimeo<\/a><\/td><td>Questo cookie \u00e8 usato per distinguere tra umani e robot. Questo \u00e8 utile per il sito web, al fine di rendere validi rapporti sull&#8217;uso del sito.<\/td><td>1 giorno<\/td><td>HTTP Cookie<\/td><\/tr><tr><td>CookieConsent<\/td><td><a target=\"_blank\" rel=\"noreferrer noopener\" href=\"https:\/\/www.cookiebot.com\/goto\/privacy-policy\/\">Cookiebot<\/a><\/td><td>Memorizza lo stato del consenso ai cookie dell&#8217;utente per il dominio corrente<\/td><td>1 anno<\/td><td>HTTP Cookie<\/td><\/tr><tr><td>PHPSESSID<\/td><td>www.signorinicoco.com<\/td><td>Preserva gli stati dell&#8217;utente nelle diverse pagine del sito.<\/td><td>Session<\/td><td>HTTP Cookie<\/td><\/tr><tr><td>sync_active<\/td><td><a target=\"_blank\" rel=\"noreferrer noopener\" href=\"https:\/\/vimeo.com\/features\/video-privacy\">Vimeo<\/a><\/td><td>Contiene dati sulle preferenze dei contenuti video dei visitatori &#8211; Ci\u00f2 consente al sito web di ricordare parametri come il volume preferito o la qualit\u00e0 video. Il servizio \u00e8 fornito da Vimeo.com.<\/td><td>Persistent<\/td><td>HTML Local Storage<\/td><\/tr><tr><td>vuid<\/td><td><a target=\"_blank\" rel=\"noreferrer noopener\" href=\"https:\/\/vimeo.com\/privacy\">Vimeo<\/a><\/td><td>Raccoglie dati sulle visite dell&#8217;utente al sito, come ad esempio quali pagine sono state consultate.<\/td><td>2 anni<\/td><td>HTTP Cookie<\/td><\/tr><\/tbody><\/table><\/figure>\n\n\n\n<p>Statistiche (4)<\/p>\n\n\n\n<p>I cookie statistici aiutano i proprietari del sito web a capire come i visitatori interagiscono con i siti raccogliendo e trasmettendo informazioni in forma anonima.<\/p>\n\n\n\n<figure class=\"wp-block-table\"><table><thead><tr><th scope=\"col\">Nome<\/th><th scope=\"col\">Fornitore<\/th><th scope=\"col\">Scopo<\/th><th scope=\"col\">Scadenza<\/th><th scope=\"col\">Tipo<\/th><\/tr><\/thead><tbody><tr><td>_ga<\/td><td><a target=\"_blank\" rel=\"noreferrer noopener\" href=\"https:\/\/policies.google.com\/privacy\">Google<\/a><\/td><td>Registra un ID univoco utilizzato per generare dati statistici su come il visitatore utilizza il sito internet.<\/td><td>2 anni<\/td><td>HTTP Cookie<\/td><\/tr><tr><td>_ga_#<\/td><td><a target=\"_blank\" rel=\"noreferrer noopener\" href=\"https:\/\/policies.google.com\/privacy\">Google<\/a><\/td><td>Utilizzato da Google Analytics per raccogliere dati sul numero di volte che un utente ha visitato il sito internet, oltre che le dati per la prima visita e la visita pi\u00f9 recente.<\/td><td>2 anni<\/td><td>HTTP Cookie<\/td><\/tr><tr><td>_gat<\/td><td><a target=\"_blank\" rel=\"noreferrer noopener\" href=\"https:\/\/policies.google.com\/privacy\">Google<\/a><\/td><td>Utilizzato da Google Analytics per limitare la frequenza delle richieste<\/td><td>1 giorno<\/td><td>HTTP Cookie<\/td><\/tr><tr><td>_gid<\/td><td><a target=\"_blank\" rel=\"noreferrer noopener\" href=\"https:\/\/policies.google.com\/privacy\">Google<\/a><\/td><td>Registra un ID univoco utilizzato per generare dati statistici su come il visitatore utilizza il sito internet.<\/td><td>1 giorno<\/td><td>HTTP Cookie<\/td><\/tr><\/tbody><\/table><\/figure>\n\n\n\n<p>Marketing (4)<\/p>\n\n\n\n<p>I cookie per il marketing vengono utilizzati per monitorare i visitatori nei siti web. L&#8217;intento \u00e8 quello di visualizzare annunci pertinenti e coinvolgenti per il singolo utente e quindi quelli di maggior valore per gli editori e gli inserzionisti terzi.<\/p>\n\n\n\n<figure class=\"wp-block-table\"><table><thead><tr><th scope=\"col\">Nome<\/th><th scope=\"col\">Fornitore<\/th><th scope=\"col\">Scopo<\/th><th scope=\"col\">Scadenza<\/th><th scope=\"col\">Tipo<\/th><\/tr><\/thead><tbody><tr><td>_fbp<\/td><td><a target=\"_blank\" rel=\"noreferrer noopener\" href=\"https:\/\/www.facebook.com\/policy.php\/\">Meta Platforms, Inc.<\/a><\/td><td>Utilizzato da Facebook per fornire una serie di prodotti pubblicitari come offerte in tempo reale da inserzionisti terzi.<\/td><td>3 mesi<\/td><td>HTTP Cookie<\/td><\/tr><tr><td>ads\/ga-audiences<\/td><td><a target=\"_blank\" rel=\"noreferrer noopener\" href=\"https:\/\/policies.google.com\/privacy\">Google<\/a><\/td><td>Used by Google AdWords to re-engage visitors that are likely to convert to customers based on the visitor&#8217;s online behaviour across websites.<\/td><td>Session<\/td><td>Pixel Tracker<\/td><\/tr><tr><td>player<\/td><td><a target=\"_blank\" rel=\"noreferrer noopener\" href=\"https:\/\/vimeo.com\/privacy\">Vimeo<\/a><\/td><td>Salva le preferenze dell&#8217;utente durante la riproduzione di video integrati da Vimeo.<\/td><td>1 anno<\/td><td>HTTP Cookie<\/td><\/tr><tr><td>tr<\/td><td><a target=\"_blank\" rel=\"noreferrer noopener\" href=\"https:\/\/www.facebook.com\/policy.php\/\">Meta Platforms, Inc.<\/a><\/td><td>Utilizzato da Facebook per fornire una serie di prodotti pubblicitari come offerte in tempo reale da inserzionisti terzi.<\/td><td>Session<\/td><td>Pixel Tracker<\/td><\/tr><\/tbody><\/table><\/figure>\n","protected":false},"excerpt":{"rendered":"<p>Questo sito web utilizza i cookie. Utilizziamo i cookie per personalizzare contenuti&nbsp; e per analizzare il nostro traffico. Condividiamo inoltre informazioni sul modo in cui utilizza il nostro sito con i nostri partner che si occupano di analisi dei dati &hellip;<\/p>\n","protected":false},"author":3,"featured_media":0,"parent":0,"menu_order":0,"comment_status":"closed","ping_status":"closed","template":"","meta":{"_relevanssi_hide_post":"","_relevanssi_hide_content":"","_relevanssi_pin_for_all":"","_relevanssi_pin_keywords":"","_relevanssi_unpin_keywords":"","_relevanssi_related_keywords":"","_relevanssi_related_include_ids":"","_relevanssi_related_exclude_ids":"","_relevanssi_related_no_append":"","_relevanssi_related_not_related":"","_relevanssi_related_posts":"","_relevanssi_noindex_reason":"","footnotes":""},"acf":[],"yoast_head":"<!-- This site is optimized with the Yoast SEO plugin v21.0 - https:\/\/yoast.com\/wordpress\/plugins\/seo\/ -->\n<title>Cookie Policy - Signorini Coco<\/title>\n<meta name=\"robots\" content=\"index, follow, max-snippet:-1, max-image-preview:large, max-video-preview:-1\" \/>\n<link rel=\"canonical\" href=\"https:\/\/www.signorinicoco.com\/it\/cookie-policy\/\" \/>\n<meta property=\"og:locale\" content=\"it_IT\" \/>\n<meta property=\"og:type\" content=\"article\" \/>\n<meta property=\"og:title\" content=\"Cookie Policy - Signorini Coco\" \/>\n<meta property=\"og:description\" content=\"Questo sito web utilizza i cookie. Utilizziamo i cookie per personalizzare contenuti&nbsp; e per analizzare il nostro traffico. Condividiamo inoltre informazioni sul modo in cui utilizza il nostro sito con i nostri partner che si occupano di analisi dei dati &hellip;\" \/>\n<meta property=\"og:url\" content=\"https:\/\/www.signorinicoco.com\/it\/cookie-policy\/\" \/>\n<meta property=\"og:site_name\" content=\"Signorini Coco\" \/>\n<meta property=\"article:publisher\" content=\"https:\/\/www.facebook.com\/SignorinieCoco\" \/>\n<meta property=\"article:modified_time\" content=\"2022-06-05T09:10:44+00:00\" \/>\n<meta name=\"twitter:card\" content=\"summary_large_image\" \/>\n<meta name=\"twitter:label1\" content=\"Tempo di lettura stimato\" \/>\n\t<meta name=\"twitter:data1\" content=\"6 minuti\" \/>\n<script type=\"application\/ld+json\" class=\"yoast-schema-graph\">{\"@context\":\"https:\/\/schema.org\",\"@graph\":[{\"@type\":\"WebPage\",\"@id\":\"https:\/\/www.signorinicoco.com\/it\/cookie-policy\/\",\"url\":\"https:\/\/www.signorinicoco.com\/it\/cookie-policy\/\",\"name\":\"Cookie Policy - Signorini Coco\",\"isPartOf\":{\"@id\":\"https:\/\/www.signorinicoco.com\/it\/#website\"},\"datePublished\":\"2022-06-04T19:44:26+00:00\",\"dateModified\":\"2022-06-05T09:10:44+00:00\",\"breadcrumb\":{\"@id\":\"https:\/\/www.signorinicoco.com\/it\/cookie-policy\/#breadcrumb\"},\"inLanguage\":\"it-IT\",\"potentialAction\":[{\"@type\":\"ReadAction\",\"target\":[\"https:\/\/www.signorinicoco.com\/it\/cookie-policy\/\"]}]},{\"@type\":\"BreadcrumbList\",\"@id\":\"https:\/\/www.signorinicoco.com\/it\/cookie-policy\/#breadcrumb\",\"itemListElement\":[{\"@type\":\"ListItem\",\"position\":1,\"name\":\"Home\",\"item\":\"https:\/\/www.signorinicoco.com\/it\/\"},{\"@type\":\"ListItem\",\"position\":2,\"name\":\"Cookie Policy\"}]},{\"@type\":\"WebSite\",\"@id\":\"https:\/\/www.signorinicoco.com\/it\/#website\",\"url\":\"https:\/\/www.signorinicoco.com\/it\/\",\"name\":\"Signorini Coco\",\"description\":\"Home Design\",\"publisher\":{\"@id\":\"https:\/\/www.signorinicoco.com\/it\/#organization\"},\"potentialAction\":[{\"@type\":\"SearchAction\",\"target\":{\"@type\":\"EntryPoint\",\"urlTemplate\":\"https:\/\/www.signorinicoco.com\/it\/?s={search_term_string}\"},\"query-input\":\"required name=search_term_string\"}],\"inLanguage\":\"it-IT\"},{\"@type\":\"Organization\",\"@id\":\"https:\/\/www.signorinicoco.com\/it\/#organization\",\"name\":\"Signorini & Coco Srl\",\"url\":\"https:\/\/www.signorinicoco.com\/it\/\",\"logo\":{\"@type\":\"ImageObject\",\"inLanguage\":\"it-IT\",\"@id\":\"https:\/\/www.signorinicoco.com\/it\/#\/schema\/logo\/image\/\",\"url\":\"https:\/\/signorinicoco.com\/wp-content\/uploads\/2022\/04\/logo-black.svg\",\"contentUrl\":\"https:\/\/signorinicoco.com\/wp-content\/uploads\/2022\/04\/logo-black.svg\",\"width\":1,\"height\":1,\"caption\":\"Signorini & Coco Srl\"},\"image\":{\"@id\":\"https:\/\/www.signorinicoco.com\/it\/#\/schema\/logo\/image\/\"},\"sameAs\":[\"https:\/\/www.facebook.com\/SignorinieCoco\",\"https:\/\/www.instagram.com\/signoriniecoco\/\"]}]}<\/script>\n<!-- \/ Yoast SEO plugin. -->","yoast_head_json":{"title":"Cookie Policy - Signorini Coco","robots":{"index":"index","follow":"follow","max-snippet":"max-snippet:-1","max-image-preview":"max-image-preview:large","max-video-preview":"max-video-preview:-1"},"canonical":"https:\/\/www.signorinicoco.com\/it\/cookie-policy\/","og_locale":"it_IT","og_type":"article","og_title":"Cookie Policy - Signorini Coco","og_description":"Questo sito web utilizza i cookie. Utilizziamo i cookie per personalizzare contenuti&nbsp; e per analizzare il nostro traffico. Condividiamo inoltre informazioni sul modo in cui utilizza il nostro sito con i nostri partner che si occupano di analisi dei dati &hellip;","og_url":"https:\/\/www.signorinicoco.com\/it\/cookie-policy\/","og_site_name":"Signorini Coco","article_publisher":"https:\/\/www.facebook.com\/SignorinieCoco","article_modified_time":"2022-06-05T09:10:44+00:00","twitter_card":"summary_large_image","twitter_misc":{"Tempo di lettura stimato":"6 minuti"},"schema":{"@context":"https:\/\/schema.org","@graph":[{"@type":"WebPage","@id":"https:\/\/www.signorinicoco.com\/it\/cookie-policy\/","url":"https:\/\/www.signorinicoco.com\/it\/cookie-policy\/","name":"Cookie Policy - Signorini Coco","isPartOf":{"@id":"https:\/\/www.signorinicoco.com\/it\/#website"},"datePublished":"2022-06-04T19:44:26+00:00","dateModified":"2022-06-05T09:10:44+00:00","breadcrumb":{"@id":"https:\/\/www.signorinicoco.com\/it\/cookie-policy\/#breadcrumb"},"inLanguage":"it-IT","potentialAction":[{"@type":"ReadAction","target":["https:\/\/www.signorinicoco.com\/it\/cookie-policy\/"]}]},{"@type":"BreadcrumbList","@id":"https:\/\/www.signorinicoco.com\/it\/cookie-policy\/#breadcrumb","itemListElement":[{"@type":"ListItem","position":1,"name":"Home","item":"https:\/\/www.signorinicoco.com\/it\/"},{"@type":"ListItem","position":2,"name":"Cookie Policy"}]},{"@type":"WebSite","@id":"https:\/\/www.signorinicoco.com\/it\/#website","url":"https:\/\/www.signorinicoco.com\/it\/","name":"Signorini Coco","description":"Home Design","publisher":{"@id":"https:\/\/www.signorinicoco.com\/it\/#organization"},"potentialAction":[{"@type":"SearchAction","target":{"@type":"EntryPoint","urlTemplate":"https:\/\/www.signorinicoco.com\/it\/?s={search_term_string}"},"query-input":"required name=search_term_string"}],"inLanguage":"it-IT"},{"@type":"Organization","@id":"https:\/\/www.signorinicoco.com\/it\/#organization","name":"Signorini & Coco Srl","url":"https:\/\/www.signorinicoco.com\/it\/","logo":{"@type":"ImageObject","inLanguage":"it-IT","@id":"https:\/\/www.signorinicoco.com\/it\/#\/schema\/logo\/image\/","url":"https:\/\/signorinicoco.com\/wp-content\/uploads\/2022\/04\/logo-black.svg","contentUrl":"https:\/\/signorinicoco.com\/wp-content\/uploads\/2022\/04\/logo-black.svg","width":1,"height":1,"caption":"Signorini & Coco Srl"},"image":{"@id":"https:\/\/www.signorinicoco.com\/it\/#\/schema\/logo\/image\/"},"sameAs":["https:\/\/www.facebook.com\/SignorinieCoco","https:\/\/www.instagram.com\/signoriniecoco\/"]}]}},"_links":{"self":[{"href":"https:\/\/www.signorinicoco.com\/it\/wp-json\/wp\/v2\/pages\/9008"}],"collection":[{"href":"https:\/\/www.signorinicoco.com\/it\/wp-json\/wp\/v2\/pages"}],"about":[{"href":"https:\/\/www.signorinicoco.com\/it\/wp-json\/wp\/v2\/types\/page"}],"author":[{"embeddable":true,"href":"https:\/\/www.signorinicoco.com\/it\/wp-json\/wp\/v2\/users\/3"}],"replies":[{"embeddable":true,"href":"https:\/\/www.signorinicoco.com\/it\/wp-json\/wp\/v2\/comments?post=9008"}],"version-history":[{"count":8,"href":"https:\/\/www.signorinicoco.com\/it\/wp-json\/wp\/v2\/pages\/9008\/revisions"}],"predecessor-version":[{"id":9184,"href":"https:\/\/www.signorinicoco.com\/it\/wp-json\/wp\/v2\/pages\/9008\/revisions\/9184"}],"wp:attachment":[{"href":"https:\/\/www.signorinicoco.com\/it\/wp-json\/wp\/v2\/media?parent=9008"}],"curies":[{"name":"wp","href":"https:\/\/api.w.org\/{rel}","templated":true}]}}