{"id":160,"date":"2022-05-08T19:18:14","date_gmt":"2022-05-08T17:18:14","guid":{"rendered":"https:\/\/signorinicoco.com\/casa\/"},"modified":"2023-05-26T12:38:28","modified_gmt":"2023-05-26T10:38:28","slug":"home","status":"publish","type":"page","link":"https:\/\/www.signorinicoco.com\/it\/","title":{"rendered":"Home"},"content":{"rendered":"\r\n\r\n    <!-- Banner Start -->\r\n    <section class=\"container-fluid home-banner-block\">\r\n        <div class=\"row\">\r\n            <div class=\"col-12 p-0 position-relative\">\r\n                <div class=\"swiper my-wipper-69f04640b30c3\">\r\n                    <ul class=\"list-unstyled swiper-wrapper\">\r\n                                                                                <li class=\"swiper-slide w-100 vh-50\" style=\"height:52vw !important;\">\r\n                                                                    <a\r\n                                        href=\"https:\/\/signorinicoco.com\/\"\r\n                                        target=\"\">\r\n                                                                            <div class=\"w-100 h-100\" style=\"background-image: url(https:\/\/www.signorinicoco.com\/wp-content\/uploads\/2022\/06\/hp1.jpg);background-size:cover;background-position:center;\"><\/div>\r\n                                                                        <\/a>\r\n                                                            <\/li>\r\n                                                                                <li class=\"swiper-slide w-100 vh-50\" style=\"height:52vw !important;\">\r\n                                                                        <div class=\"w-100 h-100\" style=\"background-image: url(https:\/\/www.signorinicoco.com\/wp-content\/uploads\/2022\/11\/hp2.jpg);background-size:cover;background-position:center;\"><\/div>\r\n                                                                <\/li>\r\n                                                                                <li class=\"swiper-slide w-100 vh-50\" style=\"height:52vw !important;\">\r\n                                                                        <div class=\"w-100 h-100\" style=\"background-image: url(https:\/\/www.signorinicoco.com\/wp-content\/uploads\/2022\/06\/home-forever.jpg);background-size:cover;background-position:center;\"><\/div>\r\n                                                                <\/li>\r\n                                            <\/ul>\r\n                    <div class=\"swiper-pagination mb-3\"><\/div>\r\n                    <div class=\"swiper-button-prev text-white\"><\/div>\r\n                    <div class=\"swiper-button-next text-white\"><\/div>\r\n                <\/div>\r\n            <\/div>\r\n        <\/div>\r\n    <\/section>\r\n    <!-- Banner End -->\r\n\r\n    \r\n\r\n\n\n\n\n    \n    <!-- About Start -->\n    <section class=\"container mt-3 mt-lg-5 home-about-block\">\n        <div class=\"row\">\n            <div class=\"col-12\">\n                <div class=\"row\">\n                    <div class=\"col-12 col-lg-6 d-flex align-items-center mb-3\">\n                        <div>\n                            <h2 class=\"fs-3 fs-xl-2 fw-light\">Una storia fatta di<\/h2>\n                                                            <h2 class=\"fs-3 fs-xl-2 text-primary fw-light\">passione e di persone<\/h2>\n                                                                                        <div class=\"text-gray fw-light fs-xl-6\">\n                                    <p>Produciamo mobili d&#8217;arte dal 1968, seguendo la grande tradizione ebanista dei capostipiti.<\/p>\n<p>Un racconto di famiglia, giunto alla terza generazione, in cui uniamo, con cura e sartorialit\u00e0, la tradizione tramandataci alla miglior chiave di lettura contemporanea.<\/p>\n                                <\/div>\n                                                                                        <a\n                                    href=\"https:\/\/signorinicoco.com\/corporate\/\"\n                                    target=\"\"\n                                    class=\"btn btn-primary text-milk rounded-0\">\n                                    Scopri di pi\u00f9                                <\/a>\n                                                    <\/div>\n                    <\/div>\n                    <div class=\"col-12 col-lg-6 mb-3\">\n                        <div class=\"d-flex w-100 h-100 align-items-center justify-content-center\">\n                                                            <a href=\"https:\/\/signorinicoco.com\/corporate\/\" class=\"me-lg-3 order-1 order-lg-0\">\n                                    <img decoding=\"async\" class=\"img-fluid\" src=\"https:\/\/www.signorinicoco.com\/wp-content\/uploads\/2022\/06\/storia1-1.jpg\" alt=\"\">\n                                <\/a>\n                                                                                        <a href=\"https:\/\/signorinicoco.com\/corporate\/\" class=\"me-3 me-lg-0 order-0 order-lg-1\">\n                                    <img decoding=\"async\" class=\"img-fluid\" src=\"https:\/\/www.signorinicoco.com\/wp-content\/uploads\/2022\/06\/storia2-1.jpg\" alt=\"\">\n                                <\/a>\n                                                    <\/div>\n                    <\/div>\n                <\/div>\n            <\/div>\n        <\/div>\n    <\/section>\n    <!-- About End -->\n\n    \n\n\n\n\n    <!-- Vision Hero Start -->\n    <section class=\"container mt-3 mt-lg-5 vision-hero-block\">\n        <div class=\"row\">\n            <div class=\"col-12\">\n                <div class=\"w-100 bg-modal-bg p-3 p-xl-5 d-flex flex-column justify-content-center align-items-center text-center\">\n                    <div class=\"w-100 py-md-3\"><\/div>\n                    <h1 class=\"fs-3 fs-xl-2 fw-light text-primary pt-lg-5 mb-xl-3\">La nostra visione<\/h1>\n                    <h4 class=\"text-gray fw-light\">Il tuo arredo, studiato su di te<\/h4>\n                    <div class=\"fs-xl-6 w-100 w-lg-70 mt-2 text-gray-dark mb-0 pb-lg-5 fw-light\">\n                        <p>Siamo convinti che la tradizione del mobile classico italiano sia tra le pi\u00f9 nobili.<br \/>\nCrediamo altres\u00ec nella continua ricerca e sviluppo come elemento imprescindibile alla base dell&#8217;innovazione e del progresso.<br \/>\n\u00c8 cos\u00ec che, ispirandosi ogni giorno al patrimonio artistico che ci \u00e8 stato tramandato, poniamo il cliente al centro del proprio stile abitativo, fornendo lui le soluzioni pi\u00f9 contemporanee e sartoriali.<\/p>\n                    <\/div>\n                    <div class=\"w-100 py-md-3\"><\/div>\n                <\/div>\n            <\/div>\n        <\/div>\n    <\/section>\n    <!-- Vision Hero End -->\n\n    \n\n\n\n\n    <!-- Grid Start -->\n    <section class=\"container mt-3 mt-lg-5 dynamic-grid-block display-modal\">\n        <div class=\"row text-center text-lg-start\">\n\n                        \n                \n                \n                                    <div class=\"col-12 mb-3 mb-lg-5 bg-modal-bg bg-sm-transparent py-3 py-lg-0\">\n                        <div class=\"row justify-content-between\">\n                            <div class=\"col-12 col-lg-6 mb-3 mb-lg-0 d-flex align-items-center\">\n                                <a href=\"https:\/\/www.signorinicoco.com\/it\/category\/contemporary\/\" class=\"w-100\">\n                                    <img decoding=\"async\" class=\"img-fluid w-100\" src=\"https:\/\/www.signorinicoco.com\/wp-content\/uploads\/2022\/06\/oceano-hp.jpg\" alt=\"\">\n                                <\/a>\n                            <\/div>\n                            <div class=\"col-12 col-lg-6\">\n                                <div class=\"w-100 w-xl-80 h-100 d-flex flex-column justify-content-center ms-lg-4\">\n                                    <a class=\"text-decoration-none\" href=\"https:\/\/www.signorinicoco.com\/it\/category\/contemporary\/\">\n                                        <h2 class=\"fs-3 fs-xl-2 text-primary fw-light\">Contemporary<\/h2>\n                                    <\/a>\n                                    <a class=\"text-decoration-none\" href=\"https:\/\/www.signorinicoco.com\/it\/category\/contemporary\/\">\n                                        <h3 class=\"fs-4 fs-xl-3 text-gray fw-light\">Guardare oltre il proprio orizzonte per trovare le migliori soluzioni<\/h3>\n                                    <\/a>\n                                    <div class=\"fs-xl-6 text-gray fw-light\">\n                                        <p>La linea contemporary di Signorini&#038;Coco porta con s\u00e8 una ventata di freschezza e novit\u00e0. I tratti semplici ma decisi vanno a creare forme nuove, in cui il disegno si esprime attraverso un linguaggio moderno, unendo perfettamente estetica e funzionalit\u00e0. Oceano, la nuova collezione nata dallo storico sodalizio con il designer Silvano Del Guerra, profuma di brezza marina, risuona le onde del mare e porta con s\u00e8 una ventata di novit\u00e0. Altre collezioni si aggiungeranno, nell&#8217;ottica di tracciare un percorso nuovo, tutto da scoprire.<\/p>\n                                    <\/div>\n                                    <a href=\"https:\/\/www.signorinicoco.com\/it\/category\/contemporary\/\" class=\"btn btn-primary text-white rounded-0 me-auto ms-auto ms-lg-0\">Scopri di pi\u00f9<\/a>\n                                <\/div>\n                            <\/div>\n                        <\/div>\n                    <\/div>\n                                            \n                \n                \n                                    <div class=\"col-12 mb-3 mb-lg-5 py-3 py-lg-0\">\n                        <div class=\"row justify-content-between\">\n                            <div class=\"col-12 col-lg-6 mb-3 mb-lg-0 d-flex align-items-center order-lg-1\">\n                                <a href=\"https:\/\/www.signorinicoco.com\/it\/category\/classic\/\" class=\"w-100\">\n                                    <img decoding=\"async\" class=\"img-fluid w-100\" src=\"https:\/\/www.signorinicoco.com\/wp-content\/uploads\/2022\/06\/classic-hp.jpg\" alt=\"\">\n                                <\/a>\n                            <\/div>\n                            <div class=\"col-12 col-lg-6 order-lg-0 d-flex justify-content-end align-items-center\">\n                                <div class=\"w-100 w-xl-80 text-center text-lg-end me-lg-4\">\n                                    <a class=\"text-decoration-none\" href=\"https:\/\/www.signorinicoco.com\/it\/category\/classic\/\">\n                                        <h2 class=\"fs-3 fs-xl-2 text-primary fw-light\">Classic<\/h2>\n                                    <\/a>\n                                    <a class=\"text-decoration-none\" href=\"https:\/\/www.signorinicoco.com\/it\/category\/classic\/\">\n                                        <h3 class=\"fs-4 fs-xl-3 text-gray fw-light\">Il tempo \u00e8 come una lente che rende pi\u00f9 nitida la visione della realt\u00e0<\/h3>\n                                    <\/a>\n                                    <div class=\"fs-xl-6 text-gray fw-light\">\n                                        <p>Il Classico Signorini&amp;Coco esprime il pregio dell\u2019arte trasformata in finissimo arredo, sogno di eleganza e purezza.<br \/>\nL\u2019autenticit\u00e0 di tinte morbide e finiture avvolgenti riportano ad antiche glorie uno stile immutanto nel tempo, protagonista contemporaneo di domus di grande fascino in cui l\u2019essenziale lascia spazio all\u2019abbondanza di emozioni e gratificanti certezze.<br \/>\nLe collezioni classiche hanno firmato la storia Signorini&amp;Coco e rimangono di grande ispirazione per il futuro per maestria, qualit\u00e0 e visione.<\/p>\n                                    <\/div>\n                                    <a href=\"https:\/\/www.signorinicoco.com\/it\/category\/classic\/\" class=\"btn btn-primary text-white rounded-0 ms-auto ms-lg-0\">Scopri di pi\u00f9<\/a>\n                                <\/div>\n                            <\/div>\n                        <\/div>\n                    <\/div>\n                                            \n                \n                \n                                    <div class=\"col-12 mb-3 mb-lg-5 bg-modal-bg bg-sm-transparent py-3 py-lg-0\">\n                        <div class=\"row justify-content-between\">\n                            <div class=\"col-12 col-lg-6 mb-3 mb-lg-0 d-flex align-items-center\">\n                                <a href=\"https:\/\/www.signorinicoco.com\/it\/category\/alchimie\/\" class=\"w-100\">\n                                    <img decoding=\"async\" class=\"img-fluid w-100\" src=\"https:\/\/www.signorinicoco.com\/wp-content\/uploads\/2022\/06\/alchemy-hp.jpg\" alt=\"\">\n                                <\/a>\n                            <\/div>\n                            <div class=\"col-12 col-lg-6\">\n                                <div class=\"w-100 w-xl-80 h-100 d-flex flex-column justify-content-center ms-lg-4\">\n                                    <a class=\"text-decoration-none\" href=\"https:\/\/www.signorinicoco.com\/it\/category\/alchimie\/\">\n                                        <h2 class=\"fs-3 fs-xl-2 text-primary fw-light\">Alchimie<\/h2>\n                                    <\/a>\n                                    <a class=\"text-decoration-none\" href=\"https:\/\/www.signorinicoco.com\/it\/category\/alchimie\/\">\n                                        <h3 class=\"fs-4 fs-xl-3 text-gray fw-light\">Il sogno si avvera: Alchimie realizza l&#8217;equilibrio perfetto tra bellezza e funzionalit\u00e0<\/h3>\n                                    <\/a>\n                                    <div class=\"fs-xl-6 text-gray fw-light\">\n                                        <p>Le collezioni Alchimie nascono con l&#8217;obiettivo di dare a tutti la possibilit\u00e0 di portare in casa propria il fascino e la suggestione del migliore Made in Italy. Stili diversi e personalit\u00e0 differenti offrono un&#8217; ampia scelta di arredi, fra i quali ognuno pu\u00f2 scegliere quello che meglio esprime il proprio modo di vivere il giorno e la notte. La qualit\u00e0 dei materiali e l&#8217;esperienza con cui ogni singolo elemento \u00e8 realizzato ne garantiscono l&#8217;efficienza e la durata nel tempo.<\/p>\n                                    <\/div>\n                                    <a href=\"https:\/\/www.signorinicoco.com\/it\/category\/alchimie\/\" class=\"btn btn-primary text-white rounded-0 me-auto ms-auto ms-lg-0\">Scopri di pi\u00f9<\/a>\n                                <\/div>\n                            <\/div>\n                        <\/div>\n                    <\/div>\n                                                    <\/div>\n    <\/section>\n    <!-- Grid End -->\n\n    \n\n\n\n\n\n    <!-- Ultime News Start -->\n    <section class=\"container-fluid bg-modal-bg mb-n5 mt-lg-5 dynamic-news-block\">\n        <div class=\"container py-4 py-lg-5\">\n            <div class=\"row\">\n                <div class=\"col-12 d-flex flex-column align-items-center\">\n\n                    <h3 class=\"fs-3 fs-lg-2 fw-light text-center mb-4 mb-lg-5 py-lg-5\">Ultime notizie<\/h3>\n\n                    <div class=\"row mb-3 mb-lg-5\">\n\n\t\t\t\t\t\t\t\t\t\t\t\t\t\t\t\t\t\t\t<div class=\"col-12 col-lg-4 d-flex justify-content-start pb-4\">\n\t\t\t\t\t\t\t\t<div class=\"d-flex flex-column border-bottom border-dark pb-4 w-lg-95 h-100\">\n\t\t\t\t\t\t\t\t\t<a href=\"https:\/\/www.signorinicoco.com\/it\/\">\n\t\t\t\t\t\t\t\t\t\t<img decoding=\"async\" src=\"https:\/\/www.signorinicoco.com\/wp-content\/uploads\/2023\/03\/milano-.jpg\" alt=\"\" class=\"img-fluid w-100\">\n\t\t\t\t\t\t\t\t\t<\/a>\n\t\t\t\t\t\t\t\t\t<a href=\"https:\/\/www.signorinicoco.com\/it\/\" class=\"mt-3 text-dark text-decoration-none\">\n\t\t\t\t\t\t\t\t\t\t<h3 class=\"fs-5\">Milano Design Week 2023<\/h3>\n\t\t\t\t\t\t\t\t\t<\/a>\n\t\t\t\t\t\t\t\t\t<p>In occasione della Milano Design Week 2023, Signorini&amp;Coco e Daytona sono lieti di invitarvi presso lo spazio Cofoundry Luxury, situato in San Babila, nel cuore di Milano.&nbsp; Il nostro team tecnico e commerciale vi accoglier\u00e0 con un&nbsp;appuntamento personale con novit\u00e0 &hellip;<\/p>\n\t\t\t\t\t\t\t\t\t<a href=\"https:\/\/www.signorinicoco.com\/it\/news\/milano-design-week-2023\/\" class=\"btn btn-outline-primary me-auto mt-auto rounded-0\">Leggi<\/a>\n\t\t\t\t\t\t\t\t<\/div>\n\t\t\t\t\t\t\t<\/div>\n\t\t\t\t\t\t\t\t\t\t\t\t\t\t\t\t\t\t\t<div class=\"col-12 col-lg-4 d-flex justify-content-start pb-4\">\n\t\t\t\t\t\t\t\t<div class=\"d-flex flex-column border-bottom border-dark pb-4 w-lg-95 h-100\">\n\t\t\t\t\t\t\t\t\t<a href=\"https:\/\/www.signorinicoco.com\/it\/\">\n\t\t\t\t\t\t\t\t\t\t<img decoding=\"async\" src=\"https:\/\/www.signorinicoco.com\/wp-content\/uploads\/2023\/01\/w_0.jpg\" alt=\"\" class=\"img-fluid w-100\">\n\t\t\t\t\t\t\t\t\t<\/a>\n\t\t\t\t\t\t\t\t\t<a href=\"https:\/\/www.signorinicoco.com\/it\/\" class=\"mt-3 text-dark text-decoration-none\">\n\t\t\t\t\t\t\t\t\t\t<h3 class=\"fs-5\">Un nuovo anno Viva Magenta<\/h3>\n\t\t\t\t\t\t\t\t\t<\/a>\n\t\t\t\t\t\t\t\t\t<p>\u00c8 finalmente arrivato il nuovo anno, e con lui il nuovo colore Pantone del 2023, il Viva Magenta, una nuance di rosso vibrante e giocosa, audace ma versatile. \u201cUna tonalit\u00e0 non convenzionale per tempi non convenzionali\u201d, dicono dal Pantone Color &hellip;<\/p>\n\t\t\t\t\t\t\t\t\t<a href=\"https:\/\/www.signorinicoco.com\/it\/news\/un-nuovo-anno-viva-magenta\/\" class=\"btn btn-outline-primary me-auto mt-auto rounded-0\">Leggi<\/a>\n\t\t\t\t\t\t\t\t<\/div>\n\t\t\t\t\t\t\t<\/div>\n\t\t\t\t\t\t\t\t\t\t\t\t\t\t\t\t\t\t\t<div class=\"col-12 col-lg-4 d-flex justify-content-start pb-4\">\n\t\t\t\t\t\t\t\t<div class=\"d-flex flex-column border-bottom border-dark pb-4 w-lg-95 h-100\">\n\t\t\t\t\t\t\t\t\t<a href=\"https:\/\/www.signorinicoco.com\/it\/\">\n\t\t\t\t\t\t\t\t\t\t<img decoding=\"async\" src=\"https:\/\/www.signorinicoco.com\/wp-content\/uploads\/2023\/01\/23.jpg\" alt=\"\" class=\"img-fluid w-100\">\n\t\t\t\t\t\t\t\t\t<\/a>\n\t\t\t\t\t\t\t\t\t<a href=\"https:\/\/www.signorinicoco.com\/it\/\" class=\"mt-3 text-dark text-decoration-none\">\n\t\t\t\t\t\t\t\t\t\t<h3 class=\"fs-5\">Il 2022 di Signorini&amp;Coco<\/h3>\n\t\t\t\t\t\t\t\t\t<\/a>\n\t\t\t\t\t\t\t\t\t<p>Il 2022 volge al termine. \u00c8 stato un anno straordinario, ricco di eventi e di lanci che hanno rinnovato la nostra presenza. Abbiamo infatti vissuto il debutto di ben due collezioni. La prima, Oceano, con il suo taglio moderno, la &hellip;<\/p>\n\t\t\t\t\t\t\t\t\t<a href=\"https:\/\/www.signorinicoco.com\/it\/news\/il-2022-di-signorinicoco\/\" class=\"btn btn-outline-primary me-auto mt-auto rounded-0\">Leggi<\/a>\n\t\t\t\t\t\t\t\t<\/div>\n\t\t\t\t\t\t\t<\/div>\n\t\t\t\t\t\t                    <\/div>\n\n                                                                <a\n                            class=\"btn btn-outline-primary w-100 w-md-30 rounded-0 py-lg-3 px-lg-5 mb-lg-5\"\n                            href=\"https:\/\/signorinicoco.com\/it\/news\/\"\n                            target=\"\">\n                                Vedi tutto                        <\/a>\n                    \n                <\/div>\n            <\/div>\n        <\/div>\n    <\/section>\n    <!-- Ultime News End -->\n\n    \n","protected":false},"excerpt":{"rendered":"","protected":false},"author":1,"featured_media":0,"parent":0,"menu_order":0,"comment_status":"closed","ping_status":"closed","template":"home-page.php","meta":{"_relevanssi_hide_post":"","_relevanssi_hide_content":"","_relevanssi_pin_for_all":"","_relevanssi_pin_keywords":"","_relevanssi_unpin_keywords":"","_relevanssi_related_keywords":"","_relevanssi_related_include_ids":"","_relevanssi_related_exclude_ids":"","_relevanssi_related_no_append":"","_relevanssi_related_not_related":"","_relevanssi_related_posts":"","_relevanssi_noindex_reason":"","footnotes":""},"acf":[],"yoast_head":"<!-- This site is optimized with the Yoast SEO plugin v21.0 - https:\/\/yoast.com\/wordpress\/plugins\/seo\/ -->\n<title>Signorini Coco - Arredo Design<\/title>\n<meta name=\"description\" content=\"Una storia fatta di passione e di persone. Dal 1968 produciamo mobili artistici, nello spirito della grande tradizione ebanistica.\" \/>\n<meta name=\"robots\" content=\"index, follow, max-snippet:-1, max-image-preview:large, max-video-preview:-1\" \/>\n<link rel=\"canonical\" href=\"https:\/\/www.signorinicoco.com\/it\/\" \/>\n<meta property=\"og:locale\" content=\"it_IT\" \/>\n<meta property=\"og:type\" content=\"article\" \/>\n<meta property=\"og:title\" content=\"Signorini Coco - Arredo Design\" \/>\n<meta property=\"og:description\" content=\"Una storia fatta di passione e di persone. Dal 1968 produciamo mobili artistici, nello spirito della grande tradizione ebanistica.\" \/>\n<meta property=\"og:url\" content=\"https:\/\/www.signorinicoco.com\/it\/\" \/>\n<meta property=\"og:site_name\" content=\"Signorini Coco\" \/>\n<meta property=\"article:publisher\" content=\"https:\/\/www.facebook.com\/SignorinieCoco\" \/>\n<meta property=\"article:modified_time\" content=\"2023-05-26T10:38:28+00:00\" \/>\n<meta name=\"twitter:card\" content=\"summary_large_image\" \/>\n<script type=\"application\/ld+json\" class=\"yoast-schema-graph\">{\"@context\":\"https:\/\/schema.org\",\"@graph\":[{\"@type\":\"WebPage\",\"@id\":\"https:\/\/www.signorinicoco.com\/it\/\",\"url\":\"https:\/\/www.signorinicoco.com\/it\/\",\"name\":\"Signorini Coco - Arredo Design\",\"isPartOf\":{\"@id\":\"https:\/\/www.signorinicoco.com\/it\/#website\"},\"datePublished\":\"2022-05-08T17:18:14+00:00\",\"dateModified\":\"2023-05-26T10:38:28+00:00\",\"description\":\"Una storia fatta di passione e di persone. Dal 1968 produciamo mobili artistici, nello spirito della grande tradizione ebanistica.\",\"breadcrumb\":{\"@id\":\"https:\/\/www.signorinicoco.com\/it\/#breadcrumb\"},\"inLanguage\":\"it-IT\",\"potentialAction\":[{\"@type\":\"ReadAction\",\"target\":[\"https:\/\/www.signorinicoco.com\/it\/\"]}]},{\"@type\":\"BreadcrumbList\",\"@id\":\"https:\/\/www.signorinicoco.com\/it\/#breadcrumb\",\"itemListElement\":[{\"@type\":\"ListItem\",\"position\":1,\"name\":\"Home\",\"item\":\"https:\/\/www.signorinicoco.com\/it\/\"},{\"@type\":\"ListItem\",\"position\":2,\"name\":\"Home\"}]},{\"@type\":\"WebSite\",\"@id\":\"https:\/\/www.signorinicoco.com\/it\/#website\",\"url\":\"https:\/\/www.signorinicoco.com\/it\/\",\"name\":\"Signorini Coco\",\"description\":\"Home Design\",\"publisher\":{\"@id\":\"https:\/\/www.signorinicoco.com\/it\/#organization\"},\"potentialAction\":[{\"@type\":\"SearchAction\",\"target\":{\"@type\":\"EntryPoint\",\"urlTemplate\":\"https:\/\/www.signorinicoco.com\/it\/?s={search_term_string}\"},\"query-input\":\"required name=search_term_string\"}],\"inLanguage\":\"it-IT\"},{\"@type\":\"Organization\",\"@id\":\"https:\/\/www.signorinicoco.com\/it\/#organization\",\"name\":\"Signorini & Coco Srl\",\"url\":\"https:\/\/www.signorinicoco.com\/it\/\",\"logo\":{\"@type\":\"ImageObject\",\"inLanguage\":\"it-IT\",\"@id\":\"https:\/\/www.signorinicoco.com\/it\/#\/schema\/logo\/image\/\",\"url\":\"https:\/\/signorinicoco.com\/wp-content\/uploads\/2022\/04\/logo-black.svg\",\"contentUrl\":\"https:\/\/signorinicoco.com\/wp-content\/uploads\/2022\/04\/logo-black.svg\",\"width\":1,\"height\":1,\"caption\":\"Signorini & Coco Srl\"},\"image\":{\"@id\":\"https:\/\/www.signorinicoco.com\/it\/#\/schema\/logo\/image\/\"},\"sameAs\":[\"https:\/\/www.facebook.com\/SignorinieCoco\",\"https:\/\/www.instagram.com\/signoriniecoco\/\"]}]}<\/script>\n<!-- \/ Yoast SEO plugin. -->","yoast_head_json":{"title":"Signorini Coco - Arredo Design","description":"Una storia fatta di passione e di persone. Dal 1968 produciamo mobili artistici, nello spirito della grande tradizione ebanistica.","robots":{"index":"index","follow":"follow","max-snippet":"max-snippet:-1","max-image-preview":"max-image-preview:large","max-video-preview":"max-video-preview:-1"},"canonical":"https:\/\/www.signorinicoco.com\/it\/","og_locale":"it_IT","og_type":"article","og_title":"Signorini Coco - Arredo Design","og_description":"Una storia fatta di passione e di persone. Dal 1968 produciamo mobili artistici, nello spirito della grande tradizione ebanistica.","og_url":"https:\/\/www.signorinicoco.com\/it\/","og_site_name":"Signorini Coco","article_publisher":"https:\/\/www.facebook.com\/SignorinieCoco","article_modified_time":"2023-05-26T10:38:28+00:00","twitter_card":"summary_large_image","schema":{"@context":"https:\/\/schema.org","@graph":[{"@type":"WebPage","@id":"https:\/\/www.signorinicoco.com\/it\/","url":"https:\/\/www.signorinicoco.com\/it\/","name":"Signorini Coco - Arredo Design","isPartOf":{"@id":"https:\/\/www.signorinicoco.com\/it\/#website"},"datePublished":"2022-05-08T17:18:14+00:00","dateModified":"2023-05-26T10:38:28+00:00","description":"Una storia fatta di passione e di persone. Dal 1968 produciamo mobili artistici, nello spirito della grande tradizione ebanistica.","breadcrumb":{"@id":"https:\/\/www.signorinicoco.com\/it\/#breadcrumb"},"inLanguage":"it-IT","potentialAction":[{"@type":"ReadAction","target":["https:\/\/www.signorinicoco.com\/it\/"]}]},{"@type":"BreadcrumbList","@id":"https:\/\/www.signorinicoco.com\/it\/#breadcrumb","itemListElement":[{"@type":"ListItem","position":1,"name":"Home","item":"https:\/\/www.signorinicoco.com\/it\/"},{"@type":"ListItem","position":2,"name":"Home"}]},{"@type":"WebSite","@id":"https:\/\/www.signorinicoco.com\/it\/#website","url":"https:\/\/www.signorinicoco.com\/it\/","name":"Signorini Coco","description":"Home Design","publisher":{"@id":"https:\/\/www.signorinicoco.com\/it\/#organization"},"potentialAction":[{"@type":"SearchAction","target":{"@type":"EntryPoint","urlTemplate":"https:\/\/www.signorinicoco.com\/it\/?s={search_term_string}"},"query-input":"required name=search_term_string"}],"inLanguage":"it-IT"},{"@type":"Organization","@id":"https:\/\/www.signorinicoco.com\/it\/#organization","name":"Signorini & Coco Srl","url":"https:\/\/www.signorinicoco.com\/it\/","logo":{"@type":"ImageObject","inLanguage":"it-IT","@id":"https:\/\/www.signorinicoco.com\/it\/#\/schema\/logo\/image\/","url":"https:\/\/signorinicoco.com\/wp-content\/uploads\/2022\/04\/logo-black.svg","contentUrl":"https:\/\/signorinicoco.com\/wp-content\/uploads\/2022\/04\/logo-black.svg","width":1,"height":1,"caption":"Signorini & Coco Srl"},"image":{"@id":"https:\/\/www.signorinicoco.com\/it\/#\/schema\/logo\/image\/"},"sameAs":["https:\/\/www.facebook.com\/SignorinieCoco","https:\/\/www.instagram.com\/signoriniecoco\/"]}]}},"_links":{"self":[{"href":"https:\/\/www.signorinicoco.com\/it\/wp-json\/wp\/v2\/pages\/160"}],"collection":[{"href":"https:\/\/www.signorinicoco.com\/it\/wp-json\/wp\/v2\/pages"}],"about":[{"href":"https:\/\/www.signorinicoco.com\/it\/wp-json\/wp\/v2\/types\/page"}],"author":[{"embeddable":true,"href":"https:\/\/www.signorinicoco.com\/it\/wp-json\/wp\/v2\/users\/1"}],"replies":[{"embeddable":true,"href":"https:\/\/www.signorinicoco.com\/it\/wp-json\/wp\/v2\/comments?post=160"}],"version-history":[{"count":140,"href":"https:\/\/www.signorinicoco.com\/it\/wp-json\/wp\/v2\/pages\/160\/revisions"}],"predecessor-version":[{"id":15606,"href":"https:\/\/www.signorinicoco.com\/it\/wp-json\/wp\/v2\/pages\/160\/revisions\/15606"}],"wp:attachment":[{"href":"https:\/\/www.signorinicoco.com\/it\/wp-json\/wp\/v2\/media?parent=160"}],"curies":[{"name":"wp","href":"https:\/\/api.w.org\/{rel}","templated":true}]}}